{"id":68,"date":"2020-08-24T07:44:28","date_gmt":"2020-08-24T07:44:28","guid":{"rendered":"https:\/\/sfv-schlossschule-chemnitz.de\/?page_id=68"},"modified":"2021-07-05T15:05:39","modified_gmt":"2021-07-05T13:05:39","slug":"mitteilungen-alt","status":"publish","type":"page","link":"https:\/\/sfv-schlossschule-chemnitz.de\/index.php\/mitteilungen-alt\/","title":{"rendered":"Mitteilungen-alt"},"content":{"rendered":"<div id=\"pl-68\"  class=\"panel-layout\" ><div id=\"pg-68-0\"  class=\"panel-grid panel-has-style\" ><div class=\"panel-row-style panel-row-style-for-68-0\" ><div id=\"pgc-68-0-0\"  class=\"panel-grid-cell\" ><div id=\"panel-68-0-0-0\" class=\"so-panel widget widget_sow-editor panel-first-child panel-last-child\" data-index=\"0\" ><div\n\t\t\t\n\t\t\tclass=\"so-widget-sow-editor so-widget-sow-editor-base\"\n\t\t\t\n\t\t>\n<div class=\"siteorigin-widget-tinymce textwidget\">\n\t<h3><strong>Mitteilungen:<br \/>\n<\/strong><\/h3>\n<p>Auf dieser Seite finden Sie eine \u00dcbersicht \u00fcber unsere bevorstehenden Termine und \u00fcber Neuigkeiten aus unserem Verein.\u00a0F\u00fcr Termine, welche die Schule direkt bzw. den Unterricht betreffen, beachten Sie bitte die Homepage unserer <a href=\"https:\/\/www.sachsen.schule\/~gs-schloss-c\/index.htm\">Schule<\/a>.<\/p>\n<p>Wir begr\u00fc\u00dfen unsere neuen Sch\u00fclerinnen und Sch\u00fcler der Klassen 1a, 1b, 1c und 1s auf das Herzlichste und hoffen, dass ihr Euch wohl f\u00fchlt und eine sch\u00f6ne Zeit verbringt. Alle Eltern laden wir recht herzlich ein, unserem F\u00f6rderverein beizutreten. Wenn Sie Interesse oder Fragen haben, kontaktieren Sie uns einfach per <a href=\"mailto:info@sfv-schlossschule-chemnitz.de\">E-Mail<\/a>.<\/p>\n<\/div>\n<\/div><\/div><\/div><\/div><\/div><div id=\"pg-68-1\"  class=\"panel-grid panel-has-style\" ><div class=\"panel-row-style panel-row-style-for-68-1\" ><div id=\"pgc-68-1-0\"  class=\"panel-grid-cell\" ><div id=\"panel-68-1-0-0\" class=\"so-panel widget widget_sow-editor panel-first-child panel-last-child\" data-index=\"1\" ><div\n\t\t\t\n\t\t\tclass=\"so-widget-sow-editor so-widget-sow-editor-base\"\n\t\t\t\n\t\t><h3 class=\"widget-title\">Neues vom SFV<\/h3>\n<div class=\"siteorigin-widget-tinymce textwidget\">\n\t<p>&nbsp;<\/p>\n<p><i>Es gibt Neuigkeiten: Der Schulf\u00f6rderverein w\u00fcnscht den Kindern viel Spa\u00df mit dem neuen Kerzenziehger\u00e4t und dem Schlagzeug!<\/i><\/p>\n<\/div>\n<\/div><\/div><\/div><\/div><\/div><div id=\"pg-68-2\"  class=\"panel-grid panel-has-style\" ><div class=\"panel-row-style panel-row-style-for-68-2\" ><div id=\"pgc-68-2-0\"  class=\"panel-grid-cell\" ><div id=\"panel-68-2-0-0\" class=\"so-panel widget widget_sow-image panel-first-child\" data-index=\"2\" ><div\n\t\t\t\n\t\t\tclass=\"so-widget-sow-image so-widget-sow-image-default-3a2476c0e107-68\"\n\t\t\t\n\t\t>\n<div class=\"sow-image-container\">\n\t\t\t<a href=\"http:\/\/sfv-schlossschule-chemnitz.de\/wp-content\/uploads\/2021\/06\/Kerzenziehgeraet.jpg\"\n\t\t\t\t\t>\n\t\t\t<img \n\tsrc=\"https:\/\/sfv-schlossschule-chemnitz.de\/wp-content\/uploads\/2021\/06\/Kerzenziehgeraet-768x1024.jpg\" width=\"768\" height=\"1024\" srcset=\"https:\/\/sfv-schlossschule-chemnitz.de\/wp-content\/uploads\/2021\/06\/Kerzenziehgeraet-768x1024.jpg 768w, https:\/\/sfv-schlossschule-chemnitz.de\/wp-content\/uploads\/2021\/06\/Kerzenziehgeraet-225x300.jpg 225w, https:\/\/sfv-schlossschule-chemnitz.de\/wp-content\/uploads\/2021\/06\/Kerzenziehgeraet-1152x1536.jpg 1152w, https:\/\/sfv-schlossschule-chemnitz.de\/wp-content\/uploads\/2021\/06\/Kerzenziehgeraet.jpg 1200w\" sizes=\"(max-width: 768px) 100vw, 768px\" title=\"Kerzenziehger\u00e4t\" alt=\"\" \t\tclass=\"so-widget-image\"\/>\n\t\t\t<\/a><\/div>\n\n<\/div><\/div><div id=\"panel-68-2-0-1\" class=\"so-panel widget widget_sow-image panel-last-child\" data-index=\"3\" ><div\n\t\t\t\n\t\t\tclass=\"so-widget-sow-image so-widget-sow-image-default-3a2476c0e107-68\"\n\t\t\t\n\t\t>\n<div class=\"sow-image-container\">\n\t\t\t<a href=\"http:\/\/sfv-schlossschule-chemnitz.de\/wp-content\/uploads\/2021\/06\/Schlagzeug.jpg\"\n\t\t\t\t\t>\n\t\t\t<img \n\tsrc=\"https:\/\/sfv-schlossschule-chemnitz.de\/wp-content\/uploads\/2021\/06\/Schlagzeug-768x576.jpg\" width=\"768\" height=\"576\" srcset=\"https:\/\/sfv-schlossschule-chemnitz.de\/wp-content\/uploads\/2021\/06\/Schlagzeug-768x576.jpg 768w, https:\/\/sfv-schlossschule-chemnitz.de\/wp-content\/uploads\/2021\/06\/Schlagzeug-300x225.jpg 300w, https:\/\/sfv-schlossschule-chemnitz.de\/wp-content\/uploads\/2021\/06\/Schlagzeug-1024x768.jpg 1024w, https:\/\/sfv-schlossschule-chemnitz.de\/wp-content\/uploads\/2021\/06\/Schlagzeug-1536x1152.jpg 1536w, https:\/\/sfv-schlossschule-chemnitz.de\/wp-content\/uploads\/2021\/06\/Schlagzeug.jpg 1600w\" sizes=\"(max-width: 768px) 100vw, 768px\" alt=\"\" \t\tclass=\"so-widget-image\"\/>\n\t\t\t<\/a><\/div>\n\n<\/div><\/div><\/div><\/div><\/div><div id=\"pg-68-3\"  class=\"panel-grid panel-has-style\" ><div class=\"panel-row-style panel-row-style-for-68-3\" ><div id=\"pgc-68-3-0\"  class=\"panel-grid-cell\" ><div id=\"panel-68-3-0-0\" class=\"so-panel widget widget_sow-headline panel-first-child panel-last-child\" data-index=\"4\" ><div\n\t\t\t\n\t\t\tclass=\"so-widget-sow-headline so-widget-sow-headline-default-5e34509b7928-68\"\n\t\t\t\n\t\t><div class=\"sow-headline-container \">\n\t\t\t\t\t\t<div class=\"decoration\">\n\t\t\t\t\t\t<div class=\"decoration-inside\"><\/div>\n\t\t\t\t\t<\/div>\n\t\t\t\t\t<\/div>\n<\/div><\/div><\/div><\/div><\/div><div id=\"pg-68-4\"  class=\"panel-grid panel-has-style\" ><div class=\"panel-row-style panel-row-style-for-68-4\" ><div id=\"pgc-68-4-0\"  class=\"panel-grid-cell\" ><div id=\"panel-68-4-0-0\" class=\"so-panel widget widget_sow-editor panel-first-child panel-last-child\" data-index=\"5\" ><div\n\t\t\t\n\t\t\tclass=\"so-widget-sow-editor so-widget-sow-editor-base\"\n\t\t\t\n\t\t>\n<div class=\"siteorigin-widget-tinymce textwidget\">\n\t<p>&nbsp;<\/p>\n<p><b><i><u><\/u><\/i><\/b><i>Es gibt auch gute Nachrichten im verflixten Jahr 2020: <\/i><\/p>\n<p><i><br \/>\nDie Kinder an unserem Schulteil Sport (im Eissportkomplex) freuen sich seit Ende November\/Anfang Dezember \u00fcber neue Spiel- und Sportger\u00e4te f\u00fcr die Hofpause:<\/i><\/p>\n<p><i><br \/>\n- Riesenmikado<br \/>\n- Volleyballnetz<br \/>\n- Fu\u00dfballtore<br \/>\n- Stelzen<br \/>\n- 4 Fu\u00dfb\u00e4lle<br \/>\n- 4 Sprungsticks (H\u00fcpfst\u00e4be)<\/i><\/p>\n<p><i><br \/>\nWir w\u00fcnschen allezeit viel Freude!<\/i><\/p>\n<\/div>\n<\/div><\/div><\/div><\/div><\/div><div id=\"pg-68-5\"  class=\"panel-grid panel-has-style\" ><div class=\"panel-row-style panel-row-style-for-68-5\" ><div id=\"pgc-68-5-0\"  class=\"panel-grid-cell\" ><div id=\"panel-68-5-0-0\" class=\"so-panel widget widget_sow-image panel-first-child panel-last-child\" data-index=\"6\" ><div\n\t\t\t\n\t\t\tclass=\"so-widget-sow-image so-widget-sow-image-default-3a2476c0e107-68\"\n\t\t\t\n\t\t>\n<div class=\"sow-image-container\">\n\t\t\t<a href=\"http:\/\/sfv-schlossschule-chemnitz.de\/wp-content\/uploads\/2020\/12\/Riesenmikado.jpg\"\n\t\t\t\t\t>\n\t\t\t<img \n\tsrc=\"https:\/\/sfv-schlossschule-chemnitz.de\/wp-content\/uploads\/2020\/12\/Riesenmikado-768x576.jpg\" width=\"768\" height=\"576\" srcset=\"https:\/\/sfv-schlossschule-chemnitz.de\/wp-content\/uploads\/2020\/12\/Riesenmikado-768x576.jpg 768w, https:\/\/sfv-schlossschule-chemnitz.de\/wp-content\/uploads\/2020\/12\/Riesenmikado-300x225.jpg 300w, https:\/\/sfv-schlossschule-chemnitz.de\/wp-content\/uploads\/2020\/12\/Riesenmikado-1024x768.jpg 1024w, https:\/\/sfv-schlossschule-chemnitz.de\/wp-content\/uploads\/2020\/12\/Riesenmikado-1536x1152.jpg 1536w, https:\/\/sfv-schlossschule-chemnitz.de\/wp-content\/uploads\/2020\/12\/Riesenmikado.jpg 1600w\" sizes=\"(max-width: 768px) 100vw, 768px\" alt=\"\" \t\tclass=\"so-widget-image\"\/>\n\t\t\t<\/a><\/div>\n\n<\/div><\/div><\/div><div id=\"pgc-68-5-1\"  class=\"panel-grid-cell\" ><div id=\"panel-68-5-1-0\" class=\"so-panel widget widget_sow-image panel-first-child panel-last-child\" data-index=\"7\" ><div\n\t\t\t\n\t\t\tclass=\"so-widget-sow-image so-widget-sow-image-default-6ca57ffdfddf-68\"\n\t\t\t\n\t\t>\n<div class=\"sow-image-container\">\n\t\t\t<a href=\"http:\/\/sfv-schlossschule-chemnitz.de\/wp-content\/uploads\/2020\/12\/Fussballtore-und-Baelle.jpg\"\n\t\t\t\t\t>\n\t\t\t<img \n\tsrc=\"https:\/\/sfv-schlossschule-chemnitz.de\/wp-content\/uploads\/2020\/12\/Fussballtore-und-Baelle-768x576.jpg\" width=\"768\" height=\"576\" srcset=\"https:\/\/sfv-schlossschule-chemnitz.de\/wp-content\/uploads\/2020\/12\/Fussballtore-und-Baelle-768x576.jpg 768w, https:\/\/sfv-schlossschule-chemnitz.de\/wp-content\/uploads\/2020\/12\/Fussballtore-und-Baelle-300x225.jpg 300w, https:\/\/sfv-schlossschule-chemnitz.de\/wp-content\/uploads\/2020\/12\/Fussballtore-und-Baelle-1024x768.jpg 1024w, https:\/\/sfv-schlossschule-chemnitz.de\/wp-content\/uploads\/2020\/12\/Fussballtore-und-Baelle-1536x1152.jpg 1536w, https:\/\/sfv-schlossschule-chemnitz.de\/wp-content\/uploads\/2020\/12\/Fussballtore-und-Baelle.jpg 1600w\" sizes=\"(max-width: 768px) 100vw, 768px\" title=\"Fu\u00dfballtore und B\u00e4lle\" alt=\"\" \t\tclass=\"so-widget-image\"\/>\n\t\t\t<\/a><\/div>\n\n<\/div><\/div><\/div><div id=\"pgc-68-5-2\"  class=\"panel-grid-cell\" ><div id=\"panel-68-5-2-0\" class=\"so-panel widget widget_sow-image panel-first-child panel-last-child\" data-index=\"8\" ><div\n\t\t\t\n\t\t\tclass=\"so-widget-sow-image so-widget-sow-image-default-3a2476c0e107-68\"\n\t\t\t\n\t\t>\n<div class=\"sow-image-container\">\n\t\t\t<a href=\"http:\/\/sfv-schlossschule-chemnitz.de\/wp-content\/uploads\/2020\/12\/Sprungsticks.jpg\"\n\t\t\t\t\t>\n\t\t\t<img \n\tsrc=\"https:\/\/sfv-schlossschule-chemnitz.de\/wp-content\/uploads\/2020\/12\/Sprungsticks-768x576.jpg\" width=\"768\" height=\"576\" srcset=\"https:\/\/sfv-schlossschule-chemnitz.de\/wp-content\/uploads\/2020\/12\/Sprungsticks-768x576.jpg 768w, https:\/\/sfv-schlossschule-chemnitz.de\/wp-content\/uploads\/2020\/12\/Sprungsticks-300x225.jpg 300w, https:\/\/sfv-schlossschule-chemnitz.de\/wp-content\/uploads\/2020\/12\/Sprungsticks-1024x768.jpg 1024w, https:\/\/sfv-schlossschule-chemnitz.de\/wp-content\/uploads\/2020\/12\/Sprungsticks-1536x1152.jpg 1536w, https:\/\/sfv-schlossschule-chemnitz.de\/wp-content\/uploads\/2020\/12\/Sprungsticks.jpg 1600w\" sizes=\"(max-width: 768px) 100vw, 768px\" alt=\"\" \t\tclass=\"so-widget-image\"\/>\n\t\t\t<\/a><\/div>\n\n<\/div><\/div><\/div><\/div><\/div><div id=\"pg-68-6\"  class=\"panel-grid panel-has-style\" ><div class=\"panel-row-style panel-row-style-for-68-6\" ><div id=\"pgc-68-6-0\"  class=\"panel-grid-cell\" ><div id=\"panel-68-6-0-0\" class=\"so-panel widget widget_sow-image panel-first-child panel-last-child\" data-index=\"9\" ><div\n\t\t\t\n\t\t\tclass=\"so-widget-sow-image so-widget-sow-image-default-3a2476c0e107-68\"\n\t\t\t\n\t\t>\n<div class=\"sow-image-container\">\n\t\t\t<a href=\"http:\/\/sfv-schlossschule-chemnitz.de\/wp-content\/uploads\/2020\/12\/Stelzen-2.jpg\"\n\t\t\t\t\t>\n\t\t\t<img \n\tsrc=\"https:\/\/sfv-schlossschule-chemnitz.de\/wp-content\/uploads\/2020\/12\/Stelzen-2-768x1024.jpg\" width=\"768\" height=\"1024\" srcset=\"https:\/\/sfv-schlossschule-chemnitz.de\/wp-content\/uploads\/2020\/12\/Stelzen-2-768x1024.jpg 768w, https:\/\/sfv-schlossschule-chemnitz.de\/wp-content\/uploads\/2020\/12\/Stelzen-2-225x300.jpg 225w, https:\/\/sfv-schlossschule-chemnitz.de\/wp-content\/uploads\/2020\/12\/Stelzen-2-1152x1536.jpg 1152w, https:\/\/sfv-schlossschule-chemnitz.de\/wp-content\/uploads\/2020\/12\/Stelzen-2.jpg 1200w\" sizes=\"(max-width: 768px) 100vw, 768px\" title=\"Stelzen (2)\" alt=\"\" \t\tclass=\"so-widget-image\"\/>\n\t\t\t<\/a><\/div>\n\n<\/div><\/div><\/div><div id=\"pgc-68-6-1\"  class=\"panel-grid-cell\" ><div id=\"panel-68-6-1-0\" class=\"so-panel widget widget_sow-image panel-first-child panel-last-child\" data-index=\"10\" ><div\n\t\t\t\n\t\t\tclass=\"so-widget-sow-image so-widget-sow-image-default-3a2476c0e107-68\"\n\t\t\t\n\t\t>\n<div class=\"sow-image-container\">\n\t\t\t<a href=\"http:\/\/sfv-schlossschule-chemnitz.de\/wp-content\/uploads\/2020\/12\/Stelzen.jpg\"\n\t\t\t\t\t>\n\t\t\t<img \n\tsrc=\"https:\/\/sfv-schlossschule-chemnitz.de\/wp-content\/uploads\/2020\/12\/Stelzen-768x1024.jpg\" width=\"768\" height=\"1024\" srcset=\"https:\/\/sfv-schlossschule-chemnitz.de\/wp-content\/uploads\/2020\/12\/Stelzen-768x1024.jpg 768w, https:\/\/sfv-schlossschule-chemnitz.de\/wp-content\/uploads\/2020\/12\/Stelzen-225x300.jpg 225w, https:\/\/sfv-schlossschule-chemnitz.de\/wp-content\/uploads\/2020\/12\/Stelzen-1152x1536.jpg 1152w, https:\/\/sfv-schlossschule-chemnitz.de\/wp-content\/uploads\/2020\/12\/Stelzen.jpg 1200w\" sizes=\"(max-width: 768px) 100vw, 768px\" alt=\"\" \t\tclass=\"so-widget-image\"\/>\n\t\t\t<\/a><\/div>\n\n<\/div><\/div><\/div><\/div><\/div><\/div>","protected":false},"excerpt":{"rendered":"<p> <span class=\"excerpt-dots\">&hellip;<\/span> <a class=\"more-link\" href=\"https:\/\/sfv-schlossschule-chemnitz.de\/index.php\/mitteilungen-alt\/\"><span class=\"more-msg\">Weiterlesen &rarr;<\/span><\/a><\/p>\n","protected":false},"author":1,"featured_media":0,"parent":0,"menu_order":0,"comment_status":"closed","ping_status":"closed","template":"","meta":{"footnotes":""},"class_list":["post-68","page","type-page","status-publish","hentry"],"_links":{"self":[{"href":"https:\/\/sfv-schlossschule-chemnitz.de\/index.php\/wp-json\/wp\/v2\/pages\/68","targetHints":{"allow":["GET"]}}],"collection":[{"href":"https:\/\/sfv-schlossschule-chemnitz.de\/index.php\/wp-json\/wp\/v2\/pages"}],"about":[{"href":"https:\/\/sfv-schlossschule-chemnitz.de\/index.php\/wp-json\/wp\/v2\/types\/page"}],"author":[{"embeddable":true,"href":"https:\/\/sfv-schlossschule-chemnitz.de\/index.php\/wp-json\/wp\/v2\/users\/1"}],"replies":[{"embeddable":true,"href":"https:\/\/sfv-schlossschule-chemnitz.de\/index.php\/wp-json\/wp\/v2\/comments?post=68"}],"version-history":[{"count":39,"href":"https:\/\/sfv-schlossschule-chemnitz.de\/index.php\/wp-json\/wp\/v2\/pages\/68\/revisions"}],"predecessor-version":[{"id":445,"href":"https:\/\/sfv-schlossschule-chemnitz.de\/index.php\/wp-json\/wp\/v2\/pages\/68\/revisions\/445"}],"wp:attachment":[{"href":"https:\/\/sfv-schlossschule-chemnitz.de\/index.php\/wp-json\/wp\/v2\/media?parent=68"}],"curies":[{"name":"wp","href":"https:\/\/api.w.org\/{rel}","templated":true}]}}