{"id":120,"date":"2020-08-24T09:14:54","date_gmt":"2020-08-24T09:14:54","guid":{"rendered":"https:\/\/sfv-schlossschule-chemnitz.de\/?page_id=120"},"modified":"2021-07-05T10:35:09","modified_gmt":"2021-07-05T08:35:09","slug":"kontakt","status":"publish","type":"page","link":"https:\/\/sfv-schlossschule-chemnitz.de\/index.php\/kontakt\/","title":{"rendered":"Kontakt"},"content":{"rendered":"<div id=\"pl-120\"  class=\"panel-layout\" ><div id=\"pg-120-0\"  class=\"panel-grid panel-has-style\" ><div class=\"panel-row-style panel-row-style-for-120-0\" ><div id=\"pgc-120-0-0\"  class=\"panel-grid-cell\" ><div id=\"panel-120-0-0-0\" class=\"so-panel widget widget_sow-editor panel-first-child panel-last-child\" data-index=\"0\" ><div\n\t\t\t\n\t\t\tclass=\"so-widget-sow-editor so-widget-sow-editor-base\"\n\t\t\t\n\t\t>\n<div class=\"siteorigin-widget-tinymce textwidget\">\n\t<h3><strong>Kontakt<\/strong><\/h3>\n<p>&nbsp;<\/p>\n<p>Schulf\u00f6rderverein der Schlossschule-Grundschule e. V.<\/p>\n<p>K\u00fcchwaldstra\u00dfe 4<br \/>\n09113 Chemnitz<\/p>\n<p><strong>E-Mail: <\/strong><a href=\"mailto:info@sfv-schlossschule-chemnitz.de\">info@sfv-schlossschule-chemnitz.de<\/a><\/p>\n<p>&nbsp;<\/p>\n<p>Liebe Eltern, F\u00f6rderer und Freunde,<\/p>\n<p>bitte haben Sie Verst\u00e4ndnis, dass Sie uns am besten per E-Mail erreichen. Auch wenn wir unser Ehrenamt sehr gerne ausf\u00fcllen, sind wir alle berufst\u00e4tig und haben Familie. Wir versuchen schnellstm\u00f6glich Ihre Anliegen zu beantworten. Wer einen telefonischen Kontakt m\u00f6chte, kann uns gern seine Telefonnummer mit Angabe des Namens und der Klasse des Kindes per Mail zukommen lassen.<\/p>\n<p>Vielen Dank!<\/p>\n<p>Ihr Vereinsvorstand<\/p>\n<\/div>\n<\/div><\/div><\/div><\/div><\/div><\/div>","protected":false},"excerpt":{"rendered":"<p> <span class=\"excerpt-dots\">&hellip;<\/span> <a class=\"more-link\" href=\"https:\/\/sfv-schlossschule-chemnitz.de\/index.php\/kontakt\/\"><span class=\"more-msg\">Weiterlesen &rarr;<\/span><\/a><\/p>\n","protected":false},"author":1,"featured_media":0,"parent":0,"menu_order":0,"comment_status":"closed","ping_status":"closed","template":"","meta":{"footnotes":""},"class_list":["post-120","page","type-page","status-publish","hentry"],"_links":{"self":[{"href":"https:\/\/sfv-schlossschule-chemnitz.de\/index.php\/wp-json\/wp\/v2\/pages\/120","targetHints":{"allow":["GET"]}}],"collection":[{"href":"https:\/\/sfv-schlossschule-chemnitz.de\/index.php\/wp-json\/wp\/v2\/pages"}],"about":[{"href":"https:\/\/sfv-schlossschule-chemnitz.de\/index.php\/wp-json\/wp\/v2\/types\/page"}],"author":[{"embeddable":true,"href":"https:\/\/sfv-schlossschule-chemnitz.de\/index.php\/wp-json\/wp\/v2\/users\/1"}],"replies":[{"embeddable":true,"href":"https:\/\/sfv-schlossschule-chemnitz.de\/index.php\/wp-json\/wp\/v2\/comments?post=120"}],"version-history":[{"count":3,"href":"https:\/\/sfv-schlossschule-chemnitz.de\/index.php\/wp-json\/wp\/v2\/pages\/120\/revisions"}],"predecessor-version":[{"id":374,"href":"https:\/\/sfv-schlossschule-chemnitz.de\/index.php\/wp-json\/wp\/v2\/pages\/120\/revisions\/374"}],"wp:attachment":[{"href":"https:\/\/sfv-schlossschule-chemnitz.de\/index.php\/wp-json\/wp\/v2\/media?parent=120"}],"curies":[{"name":"wp","href":"https:\/\/api.w.org\/{rel}","templated":true}]}}