{"id":104,"date":"2020-08-24T08:57:09","date_gmt":"2020-08-24T08:57:09","guid":{"rendered":"https:\/\/sfv-schlossschule-chemnitz.de\/?page_id=104"},"modified":"2021-07-05T10:33:25","modified_gmt":"2021-07-05T08:33:25","slug":"zielstellung","status":"publish","type":"page","link":"https:\/\/sfv-schlossschule-chemnitz.de\/index.php\/zielstellung\/","title":{"rendered":"Zielstellung"},"content":{"rendered":"<div id=\"pl-104\"  class=\"panel-layout\" ><div id=\"pg-104-0\"  class=\"panel-grid panel-has-style\" ><div class=\"panel-row-style panel-row-style-for-104-0\" ><div id=\"pgc-104-0-0\"  class=\"panel-grid-cell\" ><div id=\"panel-104-0-0-0\" class=\"so-panel widget widget_sow-editor panel-first-child panel-last-child\" data-index=\"0\" ><div\n\t\t\t\n\t\t\tclass=\"so-widget-sow-editor so-widget-sow-editor-base\"\n\t\t\t\n\t\t>\n<div class=\"siteorigin-widget-tinymce textwidget\">\n\t<h3>Zielstellung<\/h3>\n<p>&nbsp;<\/p>\n<p>An der Gestaltung des Schullebens an der Schlossschule-Grundschule mit den Standorten K\u00fcchwaldstra\u00dfe und dem Sportteil im Eissportkomplex sind zahlreiche, sehr engagierte Personen beteiligt. Unser Ziel ist es, die Schule f\u00fcr all unsere Kinder zu einem Ort zu machen, an dem sie sich wohlf\u00fchlen und gerne lernen. Der Verein wurde gegr\u00fcndet, um diese Arbeit und dieses Engagement zu unterst\u00fctzen und unseren Kindern vielf\u00e4ltige Bildungs- und Gemeinschaftserlebnisse zu erm\u00f6glichen. Dar\u00fcber hinaus unterst\u00fctzt der Verein Kinder unserer Schule in Notsituationen, um auch weiterhin eine gerechte Teilhabe an Bildung und Freizeit zu gew\u00e4hrleisten - und das anonym.<\/p>\n<p>Der Verein unterst\u00fctzt finanziell und materiell u. a.:<\/p>\n<p>\u2022 Projekte und Angebote,<br \/>\n\u2022 Schul- und Sportfeste,<br \/>\n\u2022 Anschaffung von Materialien f\u00fcr Lern- und Freizeitangebote,<br \/>\n\u2022 Bereitstellung von Preisen f\u00fcr Wettbewerbe,<br \/>\n\u2022 (individuelle) finanzielle Unterst\u00fctzung bei Ausfl\u00fcgen und Klassenfahrten<\/p>\n<\/div>\n<\/div><\/div><\/div><\/div><\/div><\/div>","protected":false},"excerpt":{"rendered":"<p> <span class=\"excerpt-dots\">&hellip;<\/span> <a class=\"more-link\" href=\"https:\/\/sfv-schlossschule-chemnitz.de\/index.php\/zielstellung\/\"><span class=\"more-msg\">Weiterlesen &rarr;<\/span><\/a><\/p>\n","protected":false},"author":1,"featured_media":0,"parent":0,"menu_order":0,"comment_status":"closed","ping_status":"closed","template":"","meta":{"footnotes":""},"class_list":["post-104","page","type-page","status-publish","hentry"],"_links":{"self":[{"href":"https:\/\/sfv-schlossschule-chemnitz.de\/index.php\/wp-json\/wp\/v2\/pages\/104","targetHints":{"allow":["GET"]}}],"collection":[{"href":"https:\/\/sfv-schlossschule-chemnitz.de\/index.php\/wp-json\/wp\/v2\/pages"}],"about":[{"href":"https:\/\/sfv-schlossschule-chemnitz.de\/index.php\/wp-json\/wp\/v2\/types\/page"}],"author":[{"embeddable":true,"href":"https:\/\/sfv-schlossschule-chemnitz.de\/index.php\/wp-json\/wp\/v2\/users\/1"}],"replies":[{"embeddable":true,"href":"https:\/\/sfv-schlossschule-chemnitz.de\/index.php\/wp-json\/wp\/v2\/comments?post=104"}],"version-history":[{"count":5,"href":"https:\/\/sfv-schlossschule-chemnitz.de\/index.php\/wp-json\/wp\/v2\/pages\/104\/revisions"}],"predecessor-version":[{"id":367,"href":"https:\/\/sfv-schlossschule-chemnitz.de\/index.php\/wp-json\/wp\/v2\/pages\/104\/revisions\/367"}],"wp:attachment":[{"href":"https:\/\/sfv-schlossschule-chemnitz.de\/index.php\/wp-json\/wp\/v2\/media?parent=104"}],"curies":[{"name":"wp","href":"https:\/\/api.w.org\/{rel}","templated":true}]}}